{"id":24,"date":"2026-04-07T15:56:29","date_gmt":"2026-04-07T15:56:29","guid":{"rendered":"https:\/\/rycpeluqueras.rkinformatika.online\/?page_id=24"},"modified":"2026-04-08T14:40:11","modified_gmt":"2026-04-08T14:40:11","slug":"servicios","status":"publish","type":"page","link":"https:\/\/rycpeluqueras.com\/en\/servicios\/","title":{"rendered":"Services"},"content":{"rendered":"<div data-elementor-type=\"wp-page\" data-elementor-id=\"24\" class=\"elementor elementor-24\" data-elementor-post-type=\"page\">\n\t\t\t\t<div class=\"elementor-element elementor-element-d801e1c e-flex e-con-boxed e-con e-parent\" data-id=\"d801e1c\" data-element_type=\"container\" data-e-type=\"container\" data-settings=\"{&quot;background_background&quot;:&quot;classic&quot;}\">\n\t\t\t\t\t<div class=\"e-con-inner\">\n\t\t\t\t\t<\/div>\n\t\t\t\t<\/div>\n\t\t<div class=\"elementor-element elementor-element-7dee371 e-flex e-con-boxed e-con e-parent\" data-id=\"7dee371\" data-element_type=\"container\" data-e-type=\"container\" data-settings=\"{&quot;background_background&quot;:&quot;classic&quot;}\">\n\t\t\t\t\t<div class=\"e-con-inner\">\n\t\t\t\t<div class=\"elementor-element elementor-element-ff3015d elementor-invisible elementor-widget elementor-widget-heading\" data-id=\"ff3015d\" data-element_type=\"widget\" data-e-type=\"widget\" data-settings=\"{&quot;_animation&quot;:&quot;fadeInUp&quot;}\" data-widget_type=\"heading.default\">\n\t\t\t\t\t<h2 class=\"elementor-heading-title elementor-size-default\">Nuestros servicios<\/h2>\t\t\t\t<\/div>\n\t\t\t\t\t<\/div>\n\t\t\t\t<\/div>\n\t\t<div class=\"elementor-element elementor-element-2d515ab e-flex e-con-boxed e-con e-parent\" data-id=\"2d515ab\" data-element_type=\"container\" data-e-type=\"container\">\n\t\t\t\t\t<div class=\"e-con-inner\">\n\t\t<div class=\"elementor-element elementor-element-a4e3096 e-con-full e-flex elementor-invisible e-con e-child\" data-id=\"a4e3096\" data-element_type=\"container\" data-e-type=\"container\" data-settings=\"{&quot;animation&quot;:&quot;fadeInLeft&quot;}\">\n\t\t\t\t<div class=\"elementor-element elementor-element-fe61398 elementor-widget elementor-widget-heading\" data-id=\"fe61398\" data-element_type=\"widget\" data-e-type=\"widget\" data-widget_type=\"heading.default\">\n\t\t\t\t\t<h2 class=\"elementor-heading-title elementor-size-default\">Tratamientos reparadores\n<\/h2>\t\t\t\t<\/div>\n\t\t\t\t<div class=\"elementor-element elementor-element-549b6ee elementor-widget elementor-widget-text-editor\" data-id=\"549b6ee\" data-element_type=\"widget\" data-e-type=\"widget\" data-widget_type=\"text-editor.default\">\n\t\t\t\t\t\t\t\t\t<p>Servicios dise\u00f1ados para recuperar la salud del cabello desde el interior, aportando hidrataci\u00f3n, nutrici\u00f3n y fortalecimiento de la fibra capilar. Son especialmente recomendables para cabellos da\u00f1ados por procesos qu\u00edmicos, calor o factores externos, ayudando a devolver brillo, suavidad y resistencia.<\/p>\t\t\t\t\t\t\t\t<\/div>\n\t\t\t\t<\/div>\n\t\t<div class=\"elementor-element elementor-element-fe6074e e-con-full e-flex elementor-invisible e-con e-child\" data-id=\"fe6074e\" data-element_type=\"container\" data-e-type=\"container\" data-settings=\"{&quot;background_background&quot;:&quot;classic&quot;,&quot;animation&quot;:&quot;fadeInRight&quot;}\">\n\t\t\t\t<div class=\"elementor-element elementor-element-39be26b elementor-widget elementor-widget-image\" data-id=\"39be26b\" data-element_type=\"widget\" data-e-type=\"widget\" data-widget_type=\"image.default\">\n\t\t\t\t\t\t\t\t\t\t\t\t\t\t\t<img fetchpriority=\"high\" decoding=\"async\" width=\"2000\" height=\"2000\" src=\"https:\/\/rycpeluqueras.com\/wp-content\/uploads\/2026\/04\/8701.jpg\" class=\"attachment-full size-full wp-image-147\" alt=\"\" srcset=\"https:\/\/rycpeluqueras.com\/wp-content\/uploads\/2026\/04\/8701.jpg 2000w, https:\/\/rycpeluqueras.com\/wp-content\/uploads\/2026\/04\/8701-300x300.jpg 300w, https:\/\/rycpeluqueras.com\/wp-content\/uploads\/2026\/04\/8701-1024x1024.jpg 1024w, https:\/\/rycpeluqueras.com\/wp-content\/uploads\/2026\/04\/8701-150x150.jpg 150w, https:\/\/rycpeluqueras.com\/wp-content\/uploads\/2026\/04\/8701-768x768.jpg 768w, https:\/\/rycpeluqueras.com\/wp-content\/uploads\/2026\/04\/8701-1536x1536.jpg 1536w, https:\/\/rycpeluqueras.com\/wp-content\/uploads\/2026\/04\/8701-12x12.jpg 12w\" sizes=\"(max-width: 2000px) 100vw, 2000px\" \/>\t\t\t\t\t\t\t\t\t\t\t\t\t\t\t<\/div>\n\t\t\t\t<\/div>\n\t\t\t\t\t<\/div>\n\t\t\t\t<\/div>\n\t\t<div class=\"elementor-element elementor-element-61107c4 e-flex e-con-boxed e-con e-parent\" data-id=\"61107c4\" data-element_type=\"container\" data-e-type=\"container\" data-settings=\"{&quot;background_background&quot;:&quot;classic&quot;}\">\n\t\t\t\t\t<div class=\"e-con-inner\">\n\t\t<div class=\"elementor-element elementor-element-06fbc69 e-con-full e-flex elementor-invisible e-con e-child\" data-id=\"06fbc69\" data-element_type=\"container\" data-e-type=\"container\" data-settings=\"{&quot;animation&quot;:&quot;fadeInRight&quot;}\">\n\t\t\t\t<div class=\"elementor-element elementor-element-adb0059 elementor-widget elementor-widget-heading\" data-id=\"adb0059\" data-element_type=\"widget\" data-e-type=\"widget\" data-widget_type=\"heading.default\">\n\t\t\t\t\t<h2 class=\"elementor-heading-title elementor-size-default\">Diferentes t\u00e9cnicas de corte<\/h2>\t\t\t\t<\/div>\n\t\t\t\t<div class=\"elementor-element elementor-element-a1ec861 elementor-widget elementor-widget-text-editor\" data-id=\"a1ec861\" data-element_type=\"widget\" data-e-type=\"widget\" data-widget_type=\"text-editor.default\">\n\t\t\t\t\t\t\t\t\t<p>Cortes personalizados adaptados a la forma del rostro, tipo de cabello y estilo de cada persona. Se aplican t\u00e9cnicas actuales y precisas que permiten conseguir resultados naturales, favorecedores y f\u00e1ciles de mantener en el d\u00eda a d\u00eda.<\/p>\t\t\t\t\t\t\t\t<\/div>\n\t\t\t\t<\/div>\n\t\t<div class=\"elementor-element elementor-element-465f289 e-con-full e-flex elementor-invisible e-con e-child\" data-id=\"465f289\" data-element_type=\"container\" data-e-type=\"container\" data-settings=\"{&quot;animation&quot;:&quot;fadeInLeft&quot;}\">\n\t\t\t\t<div class=\"elementor-element elementor-element-4c492dd elementor-widget elementor-widget-image\" data-id=\"4c492dd\" data-element_type=\"widget\" data-e-type=\"widget\" data-widget_type=\"image.default\">\n\t\t\t\t\t\t\t\t\t\t\t\t\t\t\t<img decoding=\"async\" width=\"2000\" height=\"2000\" src=\"https:\/\/rycpeluqueras.com\/wp-content\/uploads\/2026\/04\/2148817198.jpg\" class=\"attachment-full size-full wp-image-148\" alt=\"\" srcset=\"https:\/\/rycpeluqueras.com\/wp-content\/uploads\/2026\/04\/2148817198.jpg 2000w, https:\/\/rycpeluqueras.com\/wp-content\/uploads\/2026\/04\/2148817198-300x300.jpg 300w, https:\/\/rycpeluqueras.com\/wp-content\/uploads\/2026\/04\/2148817198-1024x1024.jpg 1024w, https:\/\/rycpeluqueras.com\/wp-content\/uploads\/2026\/04\/2148817198-150x150.jpg 150w, https:\/\/rycpeluqueras.com\/wp-content\/uploads\/2026\/04\/2148817198-768x768.jpg 768w, https:\/\/rycpeluqueras.com\/wp-content\/uploads\/2026\/04\/2148817198-1536x1536.jpg 1536w, https:\/\/rycpeluqueras.com\/wp-content\/uploads\/2026\/04\/2148817198-12x12.jpg 12w\" sizes=\"(max-width: 2000px) 100vw, 2000px\" \/>\t\t\t\t\t\t\t\t\t\t\t\t\t\t\t<\/div>\n\t\t\t\t<\/div>\n\t\t\t\t\t<\/div>\n\t\t\t\t<\/div>\n\t\t<div class=\"elementor-element elementor-element-4ce99b9 e-flex e-con-boxed e-con e-parent\" data-id=\"4ce99b9\" data-element_type=\"container\" data-e-type=\"container\">\n\t\t\t\t\t<div class=\"e-con-inner\">\n\t\t<div class=\"elementor-element elementor-element-5536e66 e-con-full e-flex elementor-invisible e-con e-child\" data-id=\"5536e66\" data-element_type=\"container\" data-e-type=\"container\" data-settings=\"{&quot;animation&quot;:&quot;fadeInLeft&quot;}\">\n\t\t\t\t<div class=\"elementor-element elementor-element-7a3626c elementor-widget elementor-widget-heading\" data-id=\"7a3626c\" data-element_type=\"widget\" data-e-type=\"widget\" data-widget_type=\"heading.default\">\n\t\t\t\t\t<h2 class=\"elementor-heading-title elementor-size-default\">T\u00e9cnicas de coloraci\u00f3n<\/h2>\t\t\t\t<\/div>\n\t\t\t\t<div class=\"elementor-element elementor-element-516956f elementor-widget elementor-widget-text-editor\" data-id=\"516956f\" data-element_type=\"widget\" data-e-type=\"widget\" data-widget_type=\"text-editor.default\">\n\t\t\t\t\t\t\t\t\t<p>Servicios de coloraci\u00f3n profesional que incluyen desde tonos naturales hasta cambios m\u00e1s creativos y personalizados. Se emplean t\u00e9cnicas modernas para aportar luminosidad, profundidad y movimiento al cabello, respetando siempre su salud.<\/p>\t\t\t\t\t\t\t\t<\/div>\n\t\t\t\t<\/div>\n\t\t<div class=\"elementor-element elementor-element-9e1a796 e-con-full e-flex elementor-invisible e-con e-child\" data-id=\"9e1a796\" data-element_type=\"container\" data-e-type=\"container\" data-settings=\"{&quot;animation&quot;:&quot;fadeInRight&quot;}\">\n\t\t\t\t<div class=\"elementor-element elementor-element-c3f5981 elementor-widget elementor-widget-image\" data-id=\"c3f5981\" data-element_type=\"widget\" data-e-type=\"widget\" data-widget_type=\"image.default\">\n\t\t\t\t\t\t\t\t\t\t\t\t\t\t\t<img decoding=\"async\" width=\"2000\" height=\"2000\" src=\"https:\/\/rycpeluqueras.com\/wp-content\/uploads\/2026\/04\/2148108908.jpg\" class=\"attachment-full size-full wp-image-149\" alt=\"\" srcset=\"https:\/\/rycpeluqueras.com\/wp-content\/uploads\/2026\/04\/2148108908.jpg 2000w, https:\/\/rycpeluqueras.com\/wp-content\/uploads\/2026\/04\/2148108908-300x300.jpg 300w, https:\/\/rycpeluqueras.com\/wp-content\/uploads\/2026\/04\/2148108908-1024x1024.jpg 1024w, https:\/\/rycpeluqueras.com\/wp-content\/uploads\/2026\/04\/2148108908-150x150.jpg 150w, https:\/\/rycpeluqueras.com\/wp-content\/uploads\/2026\/04\/2148108908-768x768.jpg 768w, https:\/\/rycpeluqueras.com\/wp-content\/uploads\/2026\/04\/2148108908-1536x1536.jpg 1536w, https:\/\/rycpeluqueras.com\/wp-content\/uploads\/2026\/04\/2148108908-12x12.jpg 12w\" sizes=\"(max-width: 2000px) 100vw, 2000px\" \/>\t\t\t\t\t\t\t\t\t\t\t\t\t\t\t<\/div>\n\t\t\t\t<\/div>\n\t\t\t\t\t<\/div>\n\t\t\t\t<\/div>\n\t\t<div class=\"elementor-element elementor-element-8eaee8b e-flex e-con-boxed e-con e-parent\" data-id=\"8eaee8b\" data-element_type=\"container\" data-e-type=\"container\" data-settings=\"{&quot;background_background&quot;:&quot;classic&quot;}\">\n\t\t\t\t\t<div class=\"e-con-inner\">\n\t\t\t\t<div class=\"elementor-element elementor-element-f003447 elementor-widget elementor-widget-heading\" data-id=\"f003447\" data-element_type=\"widget\" data-e-type=\"widget\" data-widget_type=\"heading.default\">\n\t\t\t\t\t<h2 class=\"elementor-heading-title elementor-size-default\">Solicita informaci\u00f3n sin compromiso y te asesoramos personalmente.<\/h2>\t\t\t\t<\/div>\n\t\t\t\t<div class=\"elementor-element elementor-element-5027123 elementor-align-center elementor-invisible elementor-widget elementor-widget-button\" data-id=\"5027123\" data-element_type=\"widget\" data-e-type=\"widget\" data-settings=\"{&quot;_animation&quot;:&quot;fadeInUp&quot;}\" data-widget_type=\"button.default\">\n\t\t\t\t\t\t\t\t\t\t<a class=\"elementor-button elementor-button-link elementor-size-sm\" href=\"\/en\/contacto\/\">\n\t\t\t\t\t\t<span class=\"elementor-button-content-wrapper\">\n\t\t\t\t\t\t\t\t\t<span class=\"elementor-button-text\">Cont\u00e1ctanos<\/span>\n\t\t\t\t\t<\/span>\n\t\t\t\t\t<\/a>\n\t\t\t\t\t\t\t\t<\/div>\n\t\t\t\t\t<\/div>\n\t\t\t\t<\/div>\n\t\t\t\t<\/div>","protected":false},"excerpt":{"rendered":"<p>Nuestros servicios Tratamientos reparadores Servicios dise\u00f1ados para recuperar la salud del cabello desde el interior, aportando hidrataci\u00f3n, nutrici\u00f3n y fortalecimiento de la fibra capilar. Son especialmente recomendables para cabellos da\u00f1ados por procesos qu\u00edmicos, calor o factores externos, ayudando a devolver brillo, suavidad y resistencia. Diferentes t\u00e9cnicas de corte Cortes personalizados adaptados a la forma del [&hellip;]<\/p>\n","protected":false},"author":1,"featured_media":0,"parent":0,"menu_order":0,"comment_status":"closed","ping_status":"closed","template":"elementor_canvas","meta":{"footnotes":""},"class_list":["post-24","page","type-page","status-publish","hentry"],"yoast_head":"<!-- This site is optimized with the Yoast SEO plugin v27.4 - https:\/\/yoast.com\/product\/yoast-seo-wordpress\/ -->\n<title>Servicios - Rosal\u00eda &amp; Cristina Peluqueras<\/title>\n<meta name=\"robots\" content=\"index, follow, max-snippet:-1, max-image-preview:large, max-video-preview:-1\" \/>\n<link rel=\"canonical\" href=\"https:\/\/rycpeluqueras.com\/en\/servicios\/\" \/>\n<meta property=\"og:locale\" content=\"en_US\" \/>\n<meta property=\"og:type\" content=\"article\" \/>\n<meta property=\"og:title\" content=\"Servicios - Rosal\u00eda &amp; Cristina Peluqueras\" \/>\n<meta property=\"og:description\" content=\"Nuestros servicios Tratamientos reparadores Servicios dise\u00f1ados para recuperar la salud del cabello desde el interior, aportando hidrataci\u00f3n, nutrici\u00f3n y fortalecimiento de la fibra capilar. Son especialmente recomendables para cabellos da\u00f1ados por procesos qu\u00edmicos, calor o factores externos, ayudando a devolver brillo, suavidad y resistencia. Diferentes t\u00e9cnicas de corte Cortes personalizados adaptados a la forma del [&hellip;]\" \/>\n<meta property=\"og:url\" content=\"https:\/\/rycpeluqueras.com\/en\/servicios\/\" \/>\n<meta property=\"og:site_name\" content=\"Rosal\u00eda &amp; Cristina Peluqueras\" \/>\n<meta property=\"article:modified_time\" content=\"2026-04-08T14:40:11+00:00\" \/>\n<meta property=\"og:image\" content=\"https:\/\/rycpeluqueras.com\/wp-content\/uploads\/2026\/04\/8701.jpg\" \/>\n<meta name=\"twitter:card\" content=\"summary_large_image\" \/>\n<meta name=\"twitter:label1\" content=\"Est. reading time\" \/>\n\t<meta name=\"twitter:data1\" content=\"1 minute\" \/>\n<script type=\"application\/ld+json\" class=\"yoast-schema-graph\">{\"@context\":\"https:\\\/\\\/schema.org\",\"@graph\":[{\"@type\":\"WebPage\",\"@id\":\"https:\\\/\\\/rycpeluqueras.com\\\/servicios\\\/\",\"url\":\"https:\\\/\\\/rycpeluqueras.com\\\/servicios\\\/\",\"name\":\"Servicios - Rosal\u00eda &amp; Cristina Peluqueras\",\"isPartOf\":{\"@id\":\"https:\\\/\\\/rycpeluqueras.com\\\/#website\"},\"primaryImageOfPage\":{\"@id\":\"https:\\\/\\\/rycpeluqueras.com\\\/servicios\\\/#primaryimage\"},\"image\":{\"@id\":\"https:\\\/\\\/rycpeluqueras.com\\\/servicios\\\/#primaryimage\"},\"thumbnailUrl\":\"https:\\\/\\\/rycpeluqueras.com\\\/wp-content\\\/uploads\\\/2026\\\/04\\\/8701.jpg\",\"datePublished\":\"2026-04-07T15:56:29+00:00\",\"dateModified\":\"2026-04-08T14:40:11+00:00\",\"breadcrumb\":{\"@id\":\"https:\\\/\\\/rycpeluqueras.com\\\/servicios\\\/#breadcrumb\"},\"inLanguage\":\"en-US\",\"potentialAction\":[{\"@type\":\"ReadAction\",\"target\":[\"https:\\\/\\\/rycpeluqueras.com\\\/servicios\\\/\"]}]},{\"@type\":\"ImageObject\",\"inLanguage\":\"en-US\",\"@id\":\"https:\\\/\\\/rycpeluqueras.com\\\/servicios\\\/#primaryimage\",\"url\":\"https:\\\/\\\/rycpeluqueras.com\\\/wp-content\\\/uploads\\\/2026\\\/04\\\/8701.jpg\",\"contentUrl\":\"https:\\\/\\\/rycpeluqueras.com\\\/wp-content\\\/uploads\\\/2026\\\/04\\\/8701.jpg\"},{\"@type\":\"BreadcrumbList\",\"@id\":\"https:\\\/\\\/rycpeluqueras.com\\\/servicios\\\/#breadcrumb\",\"itemListElement\":[{\"@type\":\"ListItem\",\"position\":1,\"name\":\"Portada\",\"item\":\"https:\\\/\\\/rycpeluqueras.com\\\/\"},{\"@type\":\"ListItem\",\"position\":2,\"name\":\"Servicios\"}]},{\"@type\":\"WebSite\",\"@id\":\"https:\\\/\\\/rycpeluqueras.com\\\/#website\",\"url\":\"https:\\\/\\\/rycpeluqueras.com\\\/\",\"name\":\"Rosal\u00eda &amp; Cristina Peluqueras\",\"description\":\"Tratamientos reparadores, diferentes t\u00e9cnicas de corte y coloraci\u00f3n. Atenci\u00f3n personalizada. Trabajamos con productos de Schwarzkopf Professional\",\"publisher\":{\"@id\":\"https:\\\/\\\/rycpeluqueras.com\\\/#organization\"},\"potentialAction\":[{\"@type\":\"SearchAction\",\"target\":{\"@type\":\"EntryPoint\",\"urlTemplate\":\"https:\\\/\\\/rycpeluqueras.com\\\/?s={search_term_string}\"},\"query-input\":{\"@type\":\"PropertyValueSpecification\",\"valueRequired\":true,\"valueName\":\"search_term_string\"}}],\"inLanguage\":\"en-US\"},{\"@type\":\"Organization\",\"@id\":\"https:\\\/\\\/rycpeluqueras.com\\\/#organization\",\"name\":\"Rosal\u00eda &amp; Cristina Peluqueras\",\"url\":\"https:\\\/\\\/rycpeluqueras.com\\\/\",\"logo\":{\"@type\":\"ImageObject\",\"inLanguage\":\"en-US\",\"@id\":\"https:\\\/\\\/rycpeluqueras.com\\\/#\\\/schema\\\/logo\\\/image\\\/\",\"url\":\"https:\\\/\\\/rycpeluqueras.com\\\/wp-content\\\/uploads\\\/2026\\\/04\\\/rycpeluqueras202602_logo_web.png\",\"contentUrl\":\"https:\\\/\\\/rycpeluqueras.com\\\/wp-content\\\/uploads\\\/2026\\\/04\\\/rycpeluqueras202602_logo_web.png\",\"width\":2250,\"height\":683,\"caption\":\"Rosal\u00eda &amp; Cristina Peluqueras\"},\"image\":{\"@id\":\"https:\\\/\\\/rycpeluqueras.com\\\/#\\\/schema\\\/logo\\\/image\\\/\"}}]}<\/script>\n<!-- \/ Yoast SEO plugin. -->","yoast_head_json":{"title":"Servicios - Rosal\u00eda &amp; Cristina Peluqueras","robots":{"index":"index","follow":"follow","max-snippet":"max-snippet:-1","max-image-preview":"max-image-preview:large","max-video-preview":"max-video-preview:-1"},"canonical":"https:\/\/rycpeluqueras.com\/en\/servicios\/","og_locale":"en_US","og_type":"article","og_title":"Servicios - Rosal\u00eda &amp; Cristina Peluqueras","og_description":"Nuestros servicios Tratamientos reparadores Servicios dise\u00f1ados para recuperar la salud del cabello desde el interior, aportando hidrataci\u00f3n, nutrici\u00f3n y fortalecimiento de la fibra capilar. Son especialmente recomendables para cabellos da\u00f1ados por procesos qu\u00edmicos, calor o factores externos, ayudando a devolver brillo, suavidad y resistencia. Diferentes t\u00e9cnicas de corte Cortes personalizados adaptados a la forma del [&hellip;]","og_url":"https:\/\/rycpeluqueras.com\/en\/servicios\/","og_site_name":"Rosal\u00eda &amp; Cristina Peluqueras","article_modified_time":"2026-04-08T14:40:11+00:00","og_image":[{"url":"https:\/\/rycpeluqueras.com\/wp-content\/uploads\/2026\/04\/8701.jpg","type":"","width":"","height":""}],"twitter_card":"summary_large_image","twitter_misc":{"Est. reading time":"1 minute"},"schema":{"@context":"https:\/\/schema.org","@graph":[{"@type":"WebPage","@id":"https:\/\/rycpeluqueras.com\/servicios\/","url":"https:\/\/rycpeluqueras.com\/servicios\/","name":"Servicios - Rosal\u00eda &amp; Cristina Peluqueras","isPartOf":{"@id":"https:\/\/rycpeluqueras.com\/#website"},"primaryImageOfPage":{"@id":"https:\/\/rycpeluqueras.com\/servicios\/#primaryimage"},"image":{"@id":"https:\/\/rycpeluqueras.com\/servicios\/#primaryimage"},"thumbnailUrl":"https:\/\/rycpeluqueras.com\/wp-content\/uploads\/2026\/04\/8701.jpg","datePublished":"2026-04-07T15:56:29+00:00","dateModified":"2026-04-08T14:40:11+00:00","breadcrumb":{"@id":"https:\/\/rycpeluqueras.com\/servicios\/#breadcrumb"},"inLanguage":"en-US","potentialAction":[{"@type":"ReadAction","target":["https:\/\/rycpeluqueras.com\/servicios\/"]}]},{"@type":"ImageObject","inLanguage":"en-US","@id":"https:\/\/rycpeluqueras.com\/servicios\/#primaryimage","url":"https:\/\/rycpeluqueras.com\/wp-content\/uploads\/2026\/04\/8701.jpg","contentUrl":"https:\/\/rycpeluqueras.com\/wp-content\/uploads\/2026\/04\/8701.jpg"},{"@type":"BreadcrumbList","@id":"https:\/\/rycpeluqueras.com\/servicios\/#breadcrumb","itemListElement":[{"@type":"ListItem","position":1,"name":"Portada","item":"https:\/\/rycpeluqueras.com\/"},{"@type":"ListItem","position":2,"name":"Servicios"}]},{"@type":"WebSite","@id":"https:\/\/rycpeluqueras.com\/#website","url":"https:\/\/rycpeluqueras.com\/","name":"Rosal\u00eda &amp; Cristina Hairdressers","description":"Tratamientos reparadores, diferentes t\u00e9cnicas de corte y coloraci\u00f3n. Atenci\u00f3n personalizada. Trabajamos con productos de Schwarzkopf Professional","publisher":{"@id":"https:\/\/rycpeluqueras.com\/#organization"},"potentialAction":[{"@type":"SearchAction","target":{"@type":"EntryPoint","urlTemplate":"https:\/\/rycpeluqueras.com\/?s={search_term_string}"},"query-input":{"@type":"PropertyValueSpecification","valueRequired":true,"valueName":"search_term_string"}}],"inLanguage":"en-US"},{"@type":"Organization","@id":"https:\/\/rycpeluqueras.com\/#organization","name":"Rosal\u00eda &amp; Cristina Hairdressers","url":"https:\/\/rycpeluqueras.com\/","logo":{"@type":"ImageObject","inLanguage":"en-US","@id":"https:\/\/rycpeluqueras.com\/#\/schema\/logo\/image\/","url":"https:\/\/rycpeluqueras.com\/wp-content\/uploads\/2026\/04\/rycpeluqueras202602_logo_web.png","contentUrl":"https:\/\/rycpeluqueras.com\/wp-content\/uploads\/2026\/04\/rycpeluqueras202602_logo_web.png","width":2250,"height":683,"caption":"Rosal\u00eda &amp; Cristina Peluqueras"},"image":{"@id":"https:\/\/rycpeluqueras.com\/#\/schema\/logo\/image\/"}}]}},"_links":{"self":[{"href":"https:\/\/rycpeluqueras.com\/en\/wp-json\/wp\/v2\/pages\/24","targetHints":{"allow":["GET"]}}],"collection":[{"href":"https:\/\/rycpeluqueras.com\/en\/wp-json\/wp\/v2\/pages"}],"about":[{"href":"https:\/\/rycpeluqueras.com\/en\/wp-json\/wp\/v2\/types\/page"}],"author":[{"embeddable":true,"href":"https:\/\/rycpeluqueras.com\/en\/wp-json\/wp\/v2\/users\/1"}],"replies":[{"embeddable":true,"href":"https:\/\/rycpeluqueras.com\/en\/wp-json\/wp\/v2\/comments?post=24"}],"version-history":[{"count":31,"href":"https:\/\/rycpeluqueras.com\/en\/wp-json\/wp\/v2\/pages\/24\/revisions"}],"predecessor-version":[{"id":253,"href":"https:\/\/rycpeluqueras.com\/en\/wp-json\/wp\/v2\/pages\/24\/revisions\/253"}],"wp:attachment":[{"href":"https:\/\/rycpeluqueras.com\/en\/wp-json\/wp\/v2\/media?parent=24"}],"curies":[{"name":"wp","href":"https:\/\/api.w.org\/{rel}","templated":true}]}}